{"id":4397,"date":"2025-11-13T15:25:53","date_gmt":"2025-11-13T15:25:53","guid":{"rendered":"https:\/\/atelielilaleon.com.br\/?post_type=product&#038;p=4397"},"modified":"2025-11-14T23:35:19","modified_gmt":"2025-11-14T23:35:19","slug":"lata-oval","status":"publish","type":"product","link":"https:\/\/atelielilaleon.com.br\/?product=lata-oval","title":{"rendered":"Lata Oval"},"content":{"rendered":"<p data-start=\"336\" data-end=\"566\">A Lata Oval Dourada \u00e9 puro encanto.<br data-start=\"388\" data-end=\"391\" \/>Com seu brilho suave e formato delicadamente org\u00e2nico, ela reflete o cuidado e a est\u00e9tica atemporal do Ateli\u00ea Lila Leon.<\/p>\n<p data-start=\"568\" data-end=\"939\">Vers\u00e1til e elegante, pode ser produzida com pavio de algod\u00e3o ou de madeira, permitindo que cada chama revele uma experi\u00eancia \u00fanica: o sil\u00eancio sereno da queima suave ou o som envolvente do crepitar sutil.<br data-start=\"772\" data-end=\"775\" \/>Seu interior recebe cera de coco 100% natural e um dos blends arom\u00e1ticos exclusivos do ateli\u00ea, proporcionando uma fus\u00e3o perfeita entre design e perfume artesanal.<\/p>\n<p data-start=\"941\" data-end=\"1172\">Al\u00e9m da vers\u00e3o cl\u00e1ssica, ela tamb\u00e9m acolhe moldes decorativos como mini flor, mini cora\u00e7\u00e3o, margarida, sakura e jasmim, transformando cada cria\u00e7\u00e3o em uma pe\u00e7a personalizada, feita para celebrar momentos e sentimentos.<\/p>\n<p data-start=\"1174\" data-end=\"1397\">\ud83d\udcab <strong data-start=\"1348\" data-end=\"1359\">Volume:<\/strong> 110g<br data-start=\"1364\" data-end=\"1367\" \/>\ud83d\udd6f\ufe0f <strong data-start=\"1371\" data-end=\"1391\" data-is-only-node=\"\">Queima estimada:<\/strong> 20h<\/p>\n","protected":false},"excerpt":{"rendered":"<p>A Lata Oval Dourada \u00e9 puro encanto.Com seu brilho suave e formato delicadamente org\u00e2nico, ela reflete o cuidado e a est\u00e9tica atemporal do Ateli\u00ea Lila Leon. Vers\u00e1til e elegante, pode ser produzida com pavio de algod\u00e3o ou de madeira, permitindo que cada chama revele uma experi\u00eancia \u00fanica: o sil\u00eancio sereno da queima suave ou o [&hellip;]<\/p>\n","protected":false},"featured_media":4524,"comment_status":"open","ping_status":"closed","template":"","meta":[],"product_brand":[],"product_cat":[78],"product_tag":[],"class_list":{"0":"post-4397","1":"product","2":"type-product","3":"status-publish","4":"has-post-thumbnail","6":"product_cat-colecao-primora","8":"first","9":"instock","10":"sale","11":"taxable","12":"shipping-taxable","13":"purchasable","14":"product-type-variable"},"_links":{"self":[{"href":"https:\/\/atelielilaleon.com.br\/index.php?rest_route=\/wp\/v2\/product\/4397","targetHints":{"allow":["GET"]}}],"collection":[{"href":"https:\/\/atelielilaleon.com.br\/index.php?rest_route=\/wp\/v2\/product"}],"about":[{"href":"https:\/\/atelielilaleon.com.br\/index.php?rest_route=\/wp\/v2\/types\/product"}],"replies":[{"embeddable":true,"href":"https:\/\/atelielilaleon.com.br\/index.php?rest_route=%2Fwp%2Fv2%2Fcomments&post=4397"}],"wp:featuredmedia":[{"embeddable":true,"href":"https:\/\/atelielilaleon.com.br\/index.php?rest_route=\/wp\/v2\/media\/4524"}],"wp:attachment":[{"href":"https:\/\/atelielilaleon.com.br\/index.php?rest_route=%2Fwp%2Fv2%2Fmedia&parent=4397"}],"wp:term":[{"taxonomy":"product_brand","embeddable":true,"href":"https:\/\/atelielilaleon.com.br\/index.php?rest_route=%2Fwp%2Fv2%2Fproduct_brand&post=4397"},{"taxonomy":"product_cat","embeddable":true,"href":"https:\/\/atelielilaleon.com.br\/index.php?rest_route=%2Fwp%2Fv2%2Fproduct_cat&post=4397"},{"taxonomy":"product_tag","embeddable":true,"href":"https:\/\/atelielilaleon.com.br\/index.php?rest_route=%2Fwp%2Fv2%2Fproduct_tag&post=4397"}],"curies":[{"name":"wp","href":"https:\/\/api.w.org\/{rel}","templated":true}]}}