{"id":4265,"date":"2025-11-07T22:46:45","date_gmt":"2025-11-07T22:46:45","guid":{"rendered":"https:\/\/atelielilaleon.com.br\/?post_type=product&#038;p=4265"},"modified":"2025-11-13T15:16:28","modified_gmt":"2025-11-13T15:16:28","slug":"copo-de-whisky","status":"publish","type":"product","link":"https:\/\/atelielilaleon.com.br\/?product=copo-de-whisky","title":{"rendered":"Copo de Whisky"},"content":{"rendered":"<p data-start=\"363\" data-end=\"636\">O cl\u00e1ssico copo de whisky ganha nova vida nas cria\u00e7\u00f5es do Ateli\u00ea Lila Leon.<br data-start=\"438\" data-end=\"441\" \/>Com linhas limpas e presen\u00e7a marcante, ele se transforma em um recipiente vers\u00e1til capaz de acolher tanto o brilho sereno do pavio de algod\u00e3o quanto o crepitar envolvente do pavio de madeira.<\/p>\n<p data-start=\"638\" data-end=\"844\">Cada pe\u00e7a \u00e9 cuidadosamente vertida \u00e0 m\u00e3o com cera de coco 100% natural e um dos blends arom\u00e1ticos exclusivos do ateli\u00ea, resultando em uma experi\u00eancia sensorial que combina est\u00e9tica, perfume e significado.<\/p>\n<p data-start=\"846\" data-end=\"1171\">Al\u00e9m de sua vers\u00e3o tradicional, o Copo de Whisky tamb\u00e9m pode receber delicadamente moldes decorativos que o tornam ainda mais especial, como flor de l\u00f3tus fechada, pe\u00f4nia, jasmim, flor sakura, trevo amor, buda, anjo, le\u00e3ozinho, ursinho, cora\u00e7\u00f5es e Nossa Senhora.<br data-start=\"1060\" data-end=\"1063\" \/>Cada forma carrega um s\u00edmbolo, um gesto e uma inten\u00e7\u00e3o, transformando a vela em um objeto de arte e afeto.<\/p>\n<p data-start=\"1173\" data-end=\"1396\">\ud83d\udcab <strong data-start=\"1347\" data-end=\"1358\">Volume:<\/strong> 230g<br data-start=\"1363\" data-end=\"1366\" \/>\ud83d\udd6f\ufe0f <strong data-start=\"1370\" data-end=\"1390\" data-is-only-node=\"\">Queima estimada:<\/strong> 40h<\/p>\n","protected":false},"excerpt":{"rendered":"<p>O cl\u00e1ssico copo de whisky ganha nova vida nas cria\u00e7\u00f5es do Ateli\u00ea Lila Leon.Com linhas limpas e presen\u00e7a marcante, ele se transforma em um recipiente vers\u00e1til capaz de acolher tanto o brilho sereno do pavio de algod\u00e3o quanto o crepitar envolvente do pavio de madeira. Cada pe\u00e7a \u00e9 cuidadosamente vertida \u00e0 m\u00e3o com cera de [&hellip;]<\/p>\n","protected":false},"featured_media":4310,"comment_status":"open","ping_status":"closed","template":"","meta":[],"product_brand":[],"product_cat":[78],"product_tag":[],"class_list":{"0":"post-4265","1":"product","2":"type-product","3":"status-publish","4":"has-post-thumbnail","6":"product_cat-colecao-primora","8":"first","9":"instock","10":"sale","11":"taxable","12":"shipping-taxable","13":"purchasable","14":"product-type-variable"},"_links":{"self":[{"href":"https:\/\/atelielilaleon.com.br\/index.php?rest_route=\/wp\/v2\/product\/4265","targetHints":{"allow":["GET"]}}],"collection":[{"href":"https:\/\/atelielilaleon.com.br\/index.php?rest_route=\/wp\/v2\/product"}],"about":[{"href":"https:\/\/atelielilaleon.com.br\/index.php?rest_route=\/wp\/v2\/types\/product"}],"replies":[{"embeddable":true,"href":"https:\/\/atelielilaleon.com.br\/index.php?rest_route=%2Fwp%2Fv2%2Fcomments&post=4265"}],"wp:featuredmedia":[{"embeddable":true,"href":"https:\/\/atelielilaleon.com.br\/index.php?rest_route=\/wp\/v2\/media\/4310"}],"wp:attachment":[{"href":"https:\/\/atelielilaleon.com.br\/index.php?rest_route=%2Fwp%2Fv2%2Fmedia&parent=4265"}],"wp:term":[{"taxonomy":"product_brand","embeddable":true,"href":"https:\/\/atelielilaleon.com.br\/index.php?rest_route=%2Fwp%2Fv2%2Fproduct_brand&post=4265"},{"taxonomy":"product_cat","embeddable":true,"href":"https:\/\/atelielilaleon.com.br\/index.php?rest_route=%2Fwp%2Fv2%2Fproduct_cat&post=4265"},{"taxonomy":"product_tag","embeddable":true,"href":"https:\/\/atelielilaleon.com.br\/index.php?rest_route=%2Fwp%2Fv2%2Fproduct_tag&post=4265"}],"curies":[{"name":"wp","href":"https:\/\/api.w.org\/{rel}","templated":true}]}}