{"id":4221,"date":"2025-11-07T22:24:17","date_gmt":"2025-11-07T22:24:17","guid":{"rendered":"https:\/\/atelielilaleon.com.br\/?post_type=product&#038;p=4221"},"modified":"2025-11-07T22:38:19","modified_gmt":"2025-11-07T22:38:19","slug":"pera","status":"publish","type":"product","link":"https:\/\/atelielilaleon.com.br\/?product=pera","title":{"rendered":"P\u00eara"},"content":{"rendered":"<p><span dir=\"auto\" style=\"vertical-align: inherit;\"><span dir=\"auto\" style=\"vertical-align: inherit;\"><span dir=\"auto\" style=\"vertical-align: inherit;\"><span dir=\"auto\" style=\"vertical-align: inherit;\">Uma escultura em cera 100% vegetal.<\/span><\/span><\/span><\/span><br data-start=\"1034\" data-end=\"1037\" \/>A vela P\u00eara encanta pela textura delicada e pelas linhas suaves que evocam equil\u00edbrio e sofistica\u00e7\u00e3o.<\/p>\n<p data-start=\"700\" data-end=\"954\">\u2022 Produ\u00e7\u00e3o artesanal e sustent\u00e1vel<br data-start=\"781\" data-end=\"784\" \/>\u2022 Pavio 100% algod\u00e3o<br data-start=\"802\" data-end=\"805\" \/>\u2022 Peso:<br data-start=\"853\" data-end=\"856\" data-is-only-node=\"\" \/>\u2022 Altura:<br data-start=\"888\" data-end=\"891\" \/>\u2022 Tempo de queima estimado:<\/p>\n","protected":false},"excerpt":{"rendered":"<p>Uma escultura em cera 100% vegetal.A vela P\u00eara encanta pela textura delicada e pelas linhas suaves que evocam equil\u00edbrio e sofistica\u00e7\u00e3o. \u2022 Produ\u00e7\u00e3o artesanal e sustent\u00e1vel\u2022 Pavio 100% algod\u00e3o\u2022 Peso:\u2022 Altura:\u2022 Tempo de queima estimado:<\/p>\n","protected":false},"featured_media":4264,"comment_status":"open","ping_status":"closed","template":"","meta":[],"product_brand":[],"product_cat":[77],"product_tag":[],"class_list":{"0":"post-4221","1":"product","2":"type-product","3":"status-publish","4":"has-post-thumbnail","6":"product_cat-velasdecorativas","8":"first","9":"instock","10":"sale","11":"taxable","12":"shipping-taxable","13":"purchasable","14":"product-type-variable"},"_links":{"self":[{"href":"https:\/\/atelielilaleon.com.br\/index.php?rest_route=\/wp\/v2\/product\/4221","targetHints":{"allow":["GET"]}}],"collection":[{"href":"https:\/\/atelielilaleon.com.br\/index.php?rest_route=\/wp\/v2\/product"}],"about":[{"href":"https:\/\/atelielilaleon.com.br\/index.php?rest_route=\/wp\/v2\/types\/product"}],"replies":[{"embeddable":true,"href":"https:\/\/atelielilaleon.com.br\/index.php?rest_route=%2Fwp%2Fv2%2Fcomments&post=4221"}],"wp:featuredmedia":[{"embeddable":true,"href":"https:\/\/atelielilaleon.com.br\/index.php?rest_route=\/wp\/v2\/media\/4264"}],"wp:attachment":[{"href":"https:\/\/atelielilaleon.com.br\/index.php?rest_route=%2Fwp%2Fv2%2Fmedia&parent=4221"}],"wp:term":[{"taxonomy":"product_brand","embeddable":true,"href":"https:\/\/atelielilaleon.com.br\/index.php?rest_route=%2Fwp%2Fv2%2Fproduct_brand&post=4221"},{"taxonomy":"product_cat","embeddable":true,"href":"https:\/\/atelielilaleon.com.br\/index.php?rest_route=%2Fwp%2Fv2%2Fproduct_cat&post=4221"},{"taxonomy":"product_tag","embeddable":true,"href":"https:\/\/atelielilaleon.com.br\/index.php?rest_route=%2Fwp%2Fv2%2Fproduct_tag&post=4221"}],"curies":[{"name":"wp","href":"https:\/\/api.w.org\/{rel}","templated":true}]}}