{"id":3997,"date":"2025-11-07T20:49:37","date_gmt":"2025-11-07T20:49:37","guid":{"rendered":"https:\/\/atelielilaleon.com.br\/?post_type=product&#038;p=3997"},"modified":"2025-11-07T21:16:42","modified_gmt":"2025-11-07T21:16:42","slug":"leaozinho","status":"publish","type":"product","link":"https:\/\/atelielilaleon.com.br\/?product=leaozinho","title":{"rendered":"Le\u00e3ozinho"},"content":{"rendered":"<p><span dir=\"auto\" style=\"vertical-align: inherit;\"><span dir=\"auto\" style=\"vertical-align: inherit;\"><span dir=\"auto\" style=\"vertical-align: inherit;\"><span dir=\"auto\" style=\"vertical-align: inherit;\">Uma escultura em cera 100% vegetal.<\/span><\/span><\/span><\/span><br data-start=\"1034\" data-end=\"1037\" \/>A vela Le\u00e3ozinho carrega em seu formato o equil\u00edbrio entre for\u00e7a e ternura.<\/p>\n","protected":false},"excerpt":{"rendered":"<p>Uma escultura em cera 100% vegetal.A vela Le\u00e3ozinho carrega em seu formato o equil\u00edbrio entre for\u00e7a e ternura.<\/p>\n","protected":false},"featured_media":4041,"comment_status":"open","ping_status":"closed","template":"","meta":[],"product_brand":[],"product_cat":[77],"product_tag":[],"class_list":{"0":"post-3997","1":"product","2":"type-product","3":"status-publish","4":"has-post-thumbnail","6":"product_cat-velasdecorativas","8":"first","9":"instock","10":"sale","11":"taxable","12":"shipping-taxable","13":"purchasable","14":"product-type-variable"},"_links":{"self":[{"href":"https:\/\/atelielilaleon.com.br\/index.php?rest_route=\/wp\/v2\/product\/3997","targetHints":{"allow":["GET"]}}],"collection":[{"href":"https:\/\/atelielilaleon.com.br\/index.php?rest_route=\/wp\/v2\/product"}],"about":[{"href":"https:\/\/atelielilaleon.com.br\/index.php?rest_route=\/wp\/v2\/types\/product"}],"replies":[{"embeddable":true,"href":"https:\/\/atelielilaleon.com.br\/index.php?rest_route=%2Fwp%2Fv2%2Fcomments&post=3997"}],"wp:featuredmedia":[{"embeddable":true,"href":"https:\/\/atelielilaleon.com.br\/index.php?rest_route=\/wp\/v2\/media\/4041"}],"wp:attachment":[{"href":"https:\/\/atelielilaleon.com.br\/index.php?rest_route=%2Fwp%2Fv2%2Fmedia&parent=3997"}],"wp:term":[{"taxonomy":"product_brand","embeddable":true,"href":"https:\/\/atelielilaleon.com.br\/index.php?rest_route=%2Fwp%2Fv2%2Fproduct_brand&post=3997"},{"taxonomy":"product_cat","embeddable":true,"href":"https:\/\/atelielilaleon.com.br\/index.php?rest_route=%2Fwp%2Fv2%2Fproduct_cat&post=3997"},{"taxonomy":"product_tag","embeddable":true,"href":"https:\/\/atelielilaleon.com.br\/index.php?rest_route=%2Fwp%2Fv2%2Fproduct_tag&post=3997"}],"curies":[{"name":"wp","href":"https:\/\/api.w.org\/{rel}","templated":true}]}}