{"id":3948,"date":"2025-10-28T17:00:02","date_gmt":"2025-10-28T17:00:02","guid":{"rendered":"https:\/\/atelielilaleon.com.br\/?post_type=product&#038;p=3948"},"modified":"2025-11-07T21:11:48","modified_gmt":"2025-11-07T21:11:48","slug":"anjo","status":"publish","type":"product","link":"https:\/\/atelielilaleon.com.br\/?product=anjo","title":{"rendered":"Anjo"},"content":{"rendered":"<p><span dir=\"auto\" style=\"vertical-align: inherit;\"><span dir=\"auto\" style=\"vertical-align: inherit;\"><span dir=\"auto\" style=\"vertical-align: inherit;\"><span dir=\"auto\" style=\"vertical-align: inherit;\">Uma escultura em cera 100% vegetal que simboliza f\u00e9, amor e prote\u00e7\u00e3o. <\/span><\/span><\/span><\/span><br data-start=\"1034\" data-end=\"1037\" \/><span dir=\"auto\" style=\"vertical-align: inherit;\"><span dir=\"auto\" style=\"vertical-align: inherit;\"><span dir=\"auto\" style=\"vertical-align: inherit;\"><span dir=\"auto\" style=\"vertical-align: inherit;\">Nosso Anjo em forma de luz, delicado, sereno e protetor.<\/span><\/span><\/span><\/span><\/p>\n","protected":false},"excerpt":{"rendered":"<p>Uma escultura em cera 100% vegetal que simboliza f\u00e9, amor e prote\u00e7\u00e3o. Nosso Anjo em forma de luz, delicado, sereno e protetor.<\/p>\n","protected":false},"featured_media":3991,"comment_status":"open","ping_status":"closed","template":"","meta":[],"product_brand":[],"product_cat":[77],"product_tag":[],"class_list":{"0":"post-3948","1":"product","2":"type-product","3":"status-publish","4":"has-post-thumbnail","6":"product_cat-velasdecorativas","8":"first","9":"instock","10":"sale","11":"taxable","12":"shipping-taxable","13":"purchasable","14":"product-type-variable"},"_links":{"self":[{"href":"https:\/\/atelielilaleon.com.br\/index.php?rest_route=\/wp\/v2\/product\/3948","targetHints":{"allow":["GET"]}}],"collection":[{"href":"https:\/\/atelielilaleon.com.br\/index.php?rest_route=\/wp\/v2\/product"}],"about":[{"href":"https:\/\/atelielilaleon.com.br\/index.php?rest_route=\/wp\/v2\/types\/product"}],"replies":[{"embeddable":true,"href":"https:\/\/atelielilaleon.com.br\/index.php?rest_route=%2Fwp%2Fv2%2Fcomments&post=3948"}],"wp:featuredmedia":[{"embeddable":true,"href":"https:\/\/atelielilaleon.com.br\/index.php?rest_route=\/wp\/v2\/media\/3991"}],"wp:attachment":[{"href":"https:\/\/atelielilaleon.com.br\/index.php?rest_route=%2Fwp%2Fv2%2Fmedia&parent=3948"}],"wp:term":[{"taxonomy":"product_brand","embeddable":true,"href":"https:\/\/atelielilaleon.com.br\/index.php?rest_route=%2Fwp%2Fv2%2Fproduct_brand&post=3948"},{"taxonomy":"product_cat","embeddable":true,"href":"https:\/\/atelielilaleon.com.br\/index.php?rest_route=%2Fwp%2Fv2%2Fproduct_cat&post=3948"},{"taxonomy":"product_tag","embeddable":true,"href":"https:\/\/atelielilaleon.com.br\/index.php?rest_route=%2Fwp%2Fv2%2Fproduct_tag&post=3948"}],"curies":[{"name":"wp","href":"https:\/\/api.w.org\/{rel}","templated":true}]}}