{"id":3896,"date":"2025-10-21T00:24:23","date_gmt":"2025-10-21T00:24:23","guid":{"rendered":"https:\/\/atelielilaleon.com.br\/?post_type=product&#038;p=3896"},"modified":"2025-10-28T16:56:11","modified_gmt":"2025-10-28T16:56:11","slug":"nossa-senhora","status":"publish","type":"product","link":"https:\/\/atelielilaleon.com.br\/?product=nossa-senhora","title":{"rendered":"Nossa Senhora"},"content":{"rendered":"<p><span dir=\"auto\" style=\"vertical-align: inherit;\"><span dir=\"auto\" style=\"vertical-align: inherit;\">Uma escultura em cera 100% vegetal que simboliza f\u00e9, amor e prote\u00e7\u00e3o. <\/span><\/span><br data-start=\"1034\" data-end=\"1037\" \/><span dir=\"auto\" style=\"vertical-align: inherit;\"><span dir=\"auto\" style=\"vertical-align: inherit;\">Nossa Senhora Aparecida em forma de luz, delicada, serena e inspiradora.<\/span><\/span><\/p>\n<p>&nbsp;<\/p>\n<ul>\n<li data-start=\"837\" data-end=\"893\">\n<p data-start=\"839\" data-end=\"893\"><strong data-start=\"839\" data-end=\"854\"><span dir=\"auto\" style=\"vertical-align: inherit;\"><span dir=\"auto\" style=\"vertical-align: inherit;\">Composi\u00e7\u00e3o:<\/span><\/span><\/strong><span dir=\"auto\" style=\"vertical-align: inherit;\"><span dir=\"auto\" style=\"vertical-align: inherit;\"> cera 100% vegetal e pavio de algod\u00e3o<\/span><\/span><\/p>\n<\/li>\n<li data-start=\"894\" data-end=\"913\">\n<p data-start=\"896\" data-end=\"913\"><strong data-start=\"896\" data-end=\"905\"><span dir=\"auto\" style=\"vertical-align: inherit;\"><span dir=\"auto\" style=\"vertical-align: inherit;\">Peso:<\/span><\/span><\/strong><span dir=\"auto\" style=\"vertical-align: inherit;\"><span dir=\"auto\" style=\"vertical-align: inherit;\"> 30 g<\/span><\/span><\/p>\n<\/li>\n<li data-start=\"914\" data-end=\"936\">\n<p data-start=\"916\" data-end=\"936\"><strong data-start=\"916\" data-end=\"927\"><span dir=\"auto\" style=\"vertical-align: inherit;\"><span dir=\"auto\" style=\"vertical-align: inherit;\">Altura:<\/span><\/span><\/strong><span dir=\"auto\" style=\"vertical-align: inherit;\"><span dir=\"auto\" style=\"vertical-align: inherit;\"> 6,5 cm<\/span><\/span><\/p>\n<\/li>\n<li data-start=\"937\" data-end=\"977\">\n<p data-start=\"939\" data-end=\"977\"><strong data-start=\"939\" data-end=\"965\"><span dir=\"auto\" style=\"vertical-align: inherit;\"><span dir=\"auto\" style=\"vertical-align: inherit;\">Tempo m\u00e9dio de queima:<\/span><\/span><\/strong><span dir=\"auto\" style=\"vertical-align: inherit;\"><span dir=\"auto\" style=\"vertical-align: inherit;\"> 2 horas<\/span><\/span><\/p>\n<\/li>\n<\/ul>\n","protected":false},"excerpt":{"rendered":"<p>Uma escultura em cera 100% vegetal que simboliza f\u00e9, amor e prote\u00e7\u00e3o. Nossa Senhora Aparecida em forma de luz, delicada, serena e inspiradora. &nbsp; Composi\u00e7\u00e3o: cera 100% vegetal e pavio de algod\u00e3o Peso: 30 g Altura: 6,5 cm Tempo m\u00e9dio de queima: 2 horas<\/p>\n","protected":false},"featured_media":3897,"comment_status":"open","ping_status":"closed","template":"","meta":[],"product_brand":[],"product_cat":[77],"product_tag":[],"class_list":{"0":"post-3896","1":"product","2":"type-product","3":"status-publish","4":"has-post-thumbnail","6":"product_cat-velasdecorativas","8":"first","9":"instock","10":"sale","11":"taxable","12":"shipping-taxable","13":"purchasable","14":"product-type-variable"},"_links":{"self":[{"href":"https:\/\/atelielilaleon.com.br\/index.php?rest_route=\/wp\/v2\/product\/3896","targetHints":{"allow":["GET"]}}],"collection":[{"href":"https:\/\/atelielilaleon.com.br\/index.php?rest_route=\/wp\/v2\/product"}],"about":[{"href":"https:\/\/atelielilaleon.com.br\/index.php?rest_route=\/wp\/v2\/types\/product"}],"replies":[{"embeddable":true,"href":"https:\/\/atelielilaleon.com.br\/index.php?rest_route=%2Fwp%2Fv2%2Fcomments&post=3896"}],"wp:featuredmedia":[{"embeddable":true,"href":"https:\/\/atelielilaleon.com.br\/index.php?rest_route=\/wp\/v2\/media\/3897"}],"wp:attachment":[{"href":"https:\/\/atelielilaleon.com.br\/index.php?rest_route=%2Fwp%2Fv2%2Fmedia&parent=3896"}],"wp:term":[{"taxonomy":"product_brand","embeddable":true,"href":"https:\/\/atelielilaleon.com.br\/index.php?rest_route=%2Fwp%2Fv2%2Fproduct_brand&post=3896"},{"taxonomy":"product_cat","embeddable":true,"href":"https:\/\/atelielilaleon.com.br\/index.php?rest_route=%2Fwp%2Fv2%2Fproduct_cat&post=3896"},{"taxonomy":"product_tag","embeddable":true,"href":"https:\/\/atelielilaleon.com.br\/index.php?rest_route=%2Fwp%2Fv2%2Fproduct_tag&post=3896"}],"curies":[{"name":"wp","href":"https:\/\/api.w.org\/{rel}","templated":true}]}}